{"id":3469,"date":"2026-03-05T07:26:09","date_gmt":"2026-03-05T07:26:09","guid":{"rendered":"https:\/\/soway.eu\/?post_type=product&#038;p=3469"},"modified":"2026-03-05T07:31:53","modified_gmt":"2026-03-05T07:31:53","slug":"bob-anti-uv-homme-femme-amaury-7-couleurs","status":"publish","type":"product","link":"https:\/\/soway.eu\/es\/produit\/bob-anti-uv-homme-femme-amaury-7-couleurs\/","title":{"rendered":"Bob anti-UV homme &#038; femme \u00abAmaury\u00bb &#8211; (7 couleurs)"},"content":{"rendered":"<ul>\n<li>Soway\u00ae, marque fran\u00e7aise recommand\u00e9e par les dermatologues<\/li>\n<li>Protection ANTI-UV 50+, certifi\u00e9e Norme australienne et n\u00e9o-z\u00e9landaise AS\/NZS 4500<\/li>\n<li>Anti-infrarouges : la mati\u00e8re Soway\u00ae repousse la chaleur et le chapeau reste frais sous le soleil (contrairement aux produits anti-UV \u00ab\u00a0classiques\u00a0\u00bb)<\/li>\n<li>Id\u00e9al pour les activit\u00e9s de plein air<\/li>\n<\/ul>\n<p>&nbsp;<\/p>\n","protected":false},"excerpt":{"rendered":"<ul>\n<li>Bob mixte avec 6 cm de bord<\/li>\n<li>Base blanche avec 7 couleurs de ruban : beige, marine, olive, \u00e9ponge aqua, motifs turquoise, gris souris ou vieux rose<\/li>\n<li>Lacet mentonni\u00e8re r\u00e9glable avec curseur<\/li>\n<li>100% Poly\u00e9thyl\u00e8ne<\/li>\n<li>PROTECTION ANTI-UV 50+, certifi\u00e9 Norme australienne et n\u00e9o-z\u00e9landaise AS\/NZS 4399, la plus s\u00e9v\u00e8re<\/li>\n<li>Bord doubl\u00e9 de tissu fonc\u00e9 pour limiter les effets de la r\u00e9verb\u00e9ration dans les yeux<\/li>\n<li>A\u00e9r\u00e9 gr\u00e2ce \u00e0 une technique de microperforation<\/li>\n<li>Tailles r\u00e9glables : existe jusqu&#8217;au 61\/63 (couleur marine)<\/li>\n<li>Se roule dans pochette fournie avec le chapeau<\/li>\n<\/ul>\n","protected":false},"featured_media":3509,"comment_status":"closed","ping_status":"closed","template":"","meta":[],"product_brand":[],"product_cat":[28,29,24,20],"product_tag":[30,31],"class_list":{"0":"post-3469","1":"product","2":"type-product","3":"status-publish","4":"has-post-thumbnail","6":"product_cat-bord-6-cm","7":"product_cat-chapeaux","8":"product_cat-fr","9":"product_cat-mixte","10":"product_tag-femmes","11":"product_tag-mixte","13":"first","14":"instock","15":"sale","16":"taxable","17":"shipping-taxable","18":"purchasable","19":"product-type-variable","20":"has-default-attributes"},"_links":{"self":[{"href":"https:\/\/soway.eu\/es\/wp-json\/wp\/v2\/product\/3469","targetHints":{"allow":["GET"]}}],"collection":[{"href":"https:\/\/soway.eu\/es\/wp-json\/wp\/v2\/product"}],"about":[{"href":"https:\/\/soway.eu\/es\/wp-json\/wp\/v2\/types\/product"}],"replies":[{"embeddable":true,"href":"https:\/\/soway.eu\/es\/wp-json\/wp\/v2\/comments?post=3469"}],"wp:featuredmedia":[{"embeddable":true,"href":"https:\/\/soway.eu\/es\/wp-json\/wp\/v2\/media\/3509"}],"wp:attachment":[{"href":"https:\/\/soway.eu\/es\/wp-json\/wp\/v2\/media?parent=3469"}],"wp:term":[{"taxonomy":"product_brand","embeddable":true,"href":"https:\/\/soway.eu\/es\/wp-json\/wp\/v2\/product_brand?post=3469"},{"taxonomy":"product_cat","embeddable":true,"href":"https:\/\/soway.eu\/es\/wp-json\/wp\/v2\/product_cat?post=3469"},{"taxonomy":"product_tag","embeddable":true,"href":"https:\/\/soway.eu\/es\/wp-json\/wp\/v2\/product_tag?post=3469"}],"curies":[{"name":"wp","href":"https:\/\/api.w.org\/{rel}","templated":true}]}}