{"id":3528,"date":"2026-03-05T07:26:40","date_gmt":"2026-03-05T07:26:40","guid":{"rendered":"https:\/\/soway.eu\/?post_type=product&#038;p=3528"},"modified":"2026-03-05T07:29:12","modified_gmt":"2026-03-05T07:29:12","slug":"t-shirt-chemise-anti-uv-homme-guethary-made-in-france","status":"publish","type":"product","link":"https:\/\/soway.eu\/es\/produit\/t-shirt-chemise-anti-uv-homme-guethary-made-in-france\/","title":{"rendered":"T-shirt \/ Chemise anti-UV homme \u00abGu\u00e9thary\u00bb\u2013 MADE IN FRANCE"},"content":{"rendered":"\t\t\t\t\t","protected":false},"excerpt":{"rendered":"<p>Chemise col Mao anti-UV UPF 80 (certifi\u00e9e avec le label UV Standard 801) : le plus haut niveau de protection contre les UV.<\/p>\n<p>Fabriqu\u00e9(e) en France (Clisson) par une entreprise sp\u00e9cialis\u00e9e dans la confection de pr\u00eat-\u00e0-porter haut de gamme.<\/p>\n<p>Ultra l\u00e9g\u00e8re et agr\u00e9able \u00e0 porter par fortes chaleurs, certifi\u00e9e <em>OEKO<\/em>&#8211;<em>TEX<\/em>\u00ae Standard 100.<\/p>\n<p>La chemise a \u00e9t\u00e9 dessin\u00e9e pour vous garantir la plus grande protection contre les UV (manches longues, col boutonn\u00e9), tout en restant chic et \u00e9l\u00e9gant.<\/p>\n<p>&nbsp;<\/p>\n<ul style=\"list-style-type: circle;\">\n<li>Couleur : vert amande<\/li>\n<li>Tailles : M, L, XL, XXL, XXXL<\/li>\n<li>Composition\u00a0: 92% Polyamide, 8% \u00c9lasthanne<\/li>\n<li>Grammage\u00a0: 200g\/m2<\/li>\n<li>Longueur : 70 cm<\/li>\n<\/ul>\n","protected":false},"featured_media":3708,"comment_status":"closed","ping_status":"closed","template":"","meta":[],"product_brand":[],"product_cat":[24,25],"product_tag":[],"class_list":{"0":"post-3528","1":"product","2":"type-product","3":"status-publish","4":"has-post-thumbnail","6":"product_cat-fr","7":"product_cat-pret-a-porter-made-in-france","9":"first","10":"instock","11":"sale","12":"taxable","13":"shipping-taxable","14":"purchasable","15":"product-type-variable"},"_links":{"self":[{"href":"https:\/\/soway.eu\/es\/wp-json\/wp\/v2\/product\/3528","targetHints":{"allow":["GET"]}}],"collection":[{"href":"https:\/\/soway.eu\/es\/wp-json\/wp\/v2\/product"}],"about":[{"href":"https:\/\/soway.eu\/es\/wp-json\/wp\/v2\/types\/product"}],"replies":[{"embeddable":true,"href":"https:\/\/soway.eu\/es\/wp-json\/wp\/v2\/comments?post=3528"}],"wp:featuredmedia":[{"embeddable":true,"href":"https:\/\/soway.eu\/es\/wp-json\/wp\/v2\/media\/3708"}],"wp:attachment":[{"href":"https:\/\/soway.eu\/es\/wp-json\/wp\/v2\/media?parent=3528"}],"wp:term":[{"taxonomy":"product_brand","embeddable":true,"href":"https:\/\/soway.eu\/es\/wp-json\/wp\/v2\/product_brand?post=3528"},{"taxonomy":"product_cat","embeddable":true,"href":"https:\/\/soway.eu\/es\/wp-json\/wp\/v2\/product_cat?post=3528"},{"taxonomy":"product_tag","embeddable":true,"href":"https:\/\/soway.eu\/es\/wp-json\/wp\/v2\/product_tag?post=3528"}],"curies":[{"name":"wp","href":"https:\/\/api.w.org\/{rel}","templated":true}]}}