{"id":3588,"date":"2026-03-05T07:27:30","date_gmt":"2026-03-05T07:27:30","guid":{"rendered":"https:\/\/soway.eu\/?post_type=product&#038;p=3588"},"modified":"2026-03-05T07:29:40","modified_gmt":"2026-03-05T07:29:40","slug":"tunique-anti-uv-femme-recife-made-in-france","status":"publish","type":"product","link":"https:\/\/soway.eu\/es\/produit\/tunique-anti-uv-femme-recife-made-in-france\/","title":{"rendered":"Tunique anti-UV femme \u00abRecife\u00bb &#8211; MADE IN FRANCE"},"content":{"rendered":"<p>Tunique anti-UV UPF 50+ (norme AS \/ NZS 4399 :1996), certifi\u00e9e avec la norme de protection solaire australienne, la plus s\u00e9v\u00e8re.<\/p>\n<p>Fabriqu\u00e9e en France par une entreprise sp\u00e9cialis\u00e9e dans la confection de pr\u00eat-\u00e0-porter haut de gamme.<\/p>\n<p>La mati\u00e8re utilis\u00e9e garantit un confort et une fluidit\u00e9 absolus gr\u00e2ce \u00e0 des microfibres antibact\u00e9riennes et enrichies \u00e0 l\u2019Alo\u00e9 V\u00e9ra, qui emp\u00eachent les mauvaises odeurs et apportent un toucher doux et ultra souple.<\/p>\n<p>La tunique a \u00e9t\u00e9 dessin\u00e9e pour vous garantir la plus grande protection contre les UV (manches longues, col boutonn\u00e9), tout en restant chic et \u00e9l\u00e9gante.<\/p>\n<ul style=\"list-style-type: circle;\">\n<li>Couleur : Tropical (bleu marine \u00e0 fleurs)<\/li>\n<li>Tailles : S, M, L, XL<\/li>\n<li>Composition : 86% Polyester, 14% \u00c9lasthanne<\/li>\n<li>Grammage : 150g\/m2 (Tropical)<\/li>\n<li>Longueur : 80 cm<\/li>\n<\/ul>\n","protected":false},"excerpt":{"rendered":"<p>Tunique anti-UV UPF 50+ (norme AS \/ NZS 4399 :1996), certifi\u00e9e avec la norme de protection solaire australienne, la plus s\u00e9v\u00e8re.<\/p>\n<p>Fabriqu\u00e9e en France par une entreprise sp\u00e9cialis\u00e9e dans la confection de pr\u00eat-\u00e0-porter haut de gamme.<\/p>\n<p>La mati\u00e8re utilis\u00e9e garantit un confort et une fluidit\u00e9 absolus gr\u00e2ce \u00e0 des microfibres antibact\u00e9riennes et enrichies \u00e0 l\u2019Alo\u00e9 V\u00e9ra, qui emp\u00eachent les mauvaises odeurs et apportent un toucher doux et ultra souple.<\/p>\n<p>La tunique a \u00e9t\u00e9 dessin\u00e9e pour vous garantir la plus grande protection contre les UV (manches longues, col boutonn\u00e9), tout en restant chic et \u00e9l\u00e9gante.<\/p>\n<p>&nbsp;<\/p>\n<ul style=\"list-style-type: circle;\">\n<li>Couleur : Tropical (bleu marine \u00e0 fleurs)<\/li>\n<li>Tailles : S, M, L, XL<\/li>\n<li>Composition : 86% Polyester, 14% \u00c9lasthanne<\/li>\n<li>Grammage : 150g\/m2 (Tropical)<\/li>\n<li>Longueur : 80 cm<\/li>\n<\/ul>\n","protected":false},"featured_media":3725,"comment_status":"closed","ping_status":"closed","template":"","meta":[],"product_brand":[],"product_cat":[24,25],"product_tag":[],"class_list":{"0":"post-3588","1":"product","2":"type-product","3":"status-publish","4":"has-post-thumbnail","6":"product_cat-fr","7":"product_cat-pret-a-porter-made-in-france","9":"first","10":"instock","11":"sale","12":"taxable","13":"shipping-taxable","14":"purchasable","15":"product-type-variable"},"_links":{"self":[{"href":"https:\/\/soway.eu\/es\/wp-json\/wp\/v2\/product\/3588","targetHints":{"allow":["GET"]}}],"collection":[{"href":"https:\/\/soway.eu\/es\/wp-json\/wp\/v2\/product"}],"about":[{"href":"https:\/\/soway.eu\/es\/wp-json\/wp\/v2\/types\/product"}],"replies":[{"embeddable":true,"href":"https:\/\/soway.eu\/es\/wp-json\/wp\/v2\/comments?post=3588"}],"wp:featuredmedia":[{"embeddable":true,"href":"https:\/\/soway.eu\/es\/wp-json\/wp\/v2\/media\/3725"}],"wp:attachment":[{"href":"https:\/\/soway.eu\/es\/wp-json\/wp\/v2\/media?parent=3588"}],"wp:term":[{"taxonomy":"product_brand","embeddable":true,"href":"https:\/\/soway.eu\/es\/wp-json\/wp\/v2\/product_brand?post=3588"},{"taxonomy":"product_cat","embeddable":true,"href":"https:\/\/soway.eu\/es\/wp-json\/wp\/v2\/product_cat?post=3588"},{"taxonomy":"product_tag","embeddable":true,"href":"https:\/\/soway.eu\/es\/wp-json\/wp\/v2\/product_tag?post=3588"}],"curies":[{"name":"wp","href":"https:\/\/api.w.org\/{rel}","templated":true}]}}