{"id":3700,"date":"2026-03-05T07:28:51","date_gmt":"2026-03-05T07:28:51","guid":{"rendered":"https:\/\/soway.eu\/?post_type=product&#038;p=3700"},"modified":"2026-03-05T07:29:40","modified_gmt":"2026-03-05T07:29:40","slug":"polo-anti-uv-homme-anglet-made-in-france","status":"publish","type":"product","link":"https:\/\/soway.eu\/es\/produit\/polo-anti-uv-homme-anglet-made-in-france\/","title":{"rendered":"Polo anti-UV homme \u00abAnglet\u00bb &#8211; MADE IN FRANCE"},"content":{"rendered":"<p>Polo anti-UV UPF 80 (certifi\u00e9 avec le label UV Standard 801) : le plus haut niveau de protection contre les UV.<\/p>\n<p>Fabriqu\u00e9 en France par une entreprise sp\u00e9cialis\u00e9e dans la confection de pr\u00eat-\u00e0-porter haut de gamme.<\/p>\n<p>Ultra l\u00e9ger et agr\u00e9able \u00e0 porter par fortes chaleurs, certifi\u00e9 <em>OEKO<\/em>&#8211;<em>TEX<\/em>\u00ae Standard 100.<\/p>\n<p>Le polo a \u00e9t\u00e9 dessin\u00e9 pour vous garantir la plus grande protection contre les UV (manches longues, col boutonn\u00e9), tout en restant chic et \u00e9l\u00e9gant.<\/p>\n<p>&nbsp;<\/p>\n<ul style=\"list-style-type: circle;\">\n<li>Couleur : vert amande<\/li>\n<li>Tailles : M, L, XL, XXL<\/li>\n<li>Composition\u00a0: 92% Polyamide, 8% \u00c9lasthanne<\/li>\n<li>Grammage : 200g\/m<sup>2<\/sup><\/li>\n<li>Longueur : 70 cm<\/li>\n<\/ul>\n","protected":false},"excerpt":{"rendered":"<p>Polo anti-UV UPF 80 (certifi\u00e9 avec le label UV Standard 801) : le plus haut niveau de protection contre les UV.<\/p>\n<p>Fabriqu\u00e9 en France par une entreprise sp\u00e9cialis\u00e9e dans la confection de pr\u00eat-\u00e0-porter haut de gamme.<\/p>\n<p>Ultra l\u00e9ger et agr\u00e9able \u00e0 porter par fortes chaleurs, certifi\u00e9 <em>OEKO<\/em>&#8211;<em>TEX<\/em>\u00ae Standard 100.<\/p>\n<p>Le polo a \u00e9t\u00e9 dessin\u00e9 pour vous garantir la plus grande protection contre les UV (manches longues, col boutonn\u00e9), tout en restant chic et \u00e9l\u00e9gant.<\/p>\n<p>&nbsp;<\/p>\n<ul style=\"list-style-type: circle;\">\n<li>Couleur : vert amande<\/li>\n<li>Tailles : M, L, XL, XXL<\/li>\n<li>Composition\u00a0: 92% Polyamide, 8% \u00c9lasthanne<\/li>\n<li>Grammage\u00a0: 200g\/m2<\/li>\n<li>Longueur : 70 cm<\/li>\n<\/ul>\n","protected":false},"featured_media":3757,"comment_status":"closed","ping_status":"closed","template":"","meta":[],"product_brand":[],"product_cat":[24,43,25],"product_tag":[],"class_list":{"0":"post-3700","1":"product","2":"type-product","3":"status-publish","4":"has-post-thumbnail","6":"product_cat-fr","7":"product_cat-hommes","8":"product_cat-pret-a-porter-made-in-france","10":"first","11":"instock","12":"sale","13":"taxable","14":"shipping-taxable","15":"purchasable","16":"product-type-variable"},"_links":{"self":[{"href":"https:\/\/soway.eu\/es\/wp-json\/wp\/v2\/product\/3700","targetHints":{"allow":["GET"]}}],"collection":[{"href":"https:\/\/soway.eu\/es\/wp-json\/wp\/v2\/product"}],"about":[{"href":"https:\/\/soway.eu\/es\/wp-json\/wp\/v2\/types\/product"}],"replies":[{"embeddable":true,"href":"https:\/\/soway.eu\/es\/wp-json\/wp\/v2\/comments?post=3700"}],"wp:featuredmedia":[{"embeddable":true,"href":"https:\/\/soway.eu\/es\/wp-json\/wp\/v2\/media\/3757"}],"wp:attachment":[{"href":"https:\/\/soway.eu\/es\/wp-json\/wp\/v2\/media?parent=3700"}],"wp:term":[{"taxonomy":"product_brand","embeddable":true,"href":"https:\/\/soway.eu\/es\/wp-json\/wp\/v2\/product_brand?post=3700"},{"taxonomy":"product_cat","embeddable":true,"href":"https:\/\/soway.eu\/es\/wp-json\/wp\/v2\/product_cat?post=3700"},{"taxonomy":"product_tag","embeddable":true,"href":"https:\/\/soway.eu\/es\/wp-json\/wp\/v2\/product_tag?post=3700"}],"curies":[{"name":"wp","href":"https:\/\/api.w.org\/{rel}","templated":true}]}}