{"id":3785,"date":"2026-03-05T07:29:15","date_gmt":"2026-03-05T07:29:15","guid":{"rendered":"https:\/\/soway.eu\/?post_type=product&#038;p=3785"},"modified":"2026-03-05T07:29:39","modified_gmt":"2026-03-05T07:29:39","slug":"casquette-anti-uv-femme-nantaise-made-in-france-2-couleurs","status":"publish","type":"product","link":"https:\/\/soway.eu\/es\/produit\/casquette-anti-uv-femme-nantaise-made-in-france-2-couleurs\/","title":{"rendered":"Casquette anti-UV femme \u00abNantaise\u00bb \u2013 MADE IN FRANCE &#8211; (2 couleurs)"},"content":{"rendered":"<p>Fabriqu\u00e9e en France par une entreprise sp\u00e9cialis\u00e9e dans la confection de chapeaux haut de gamme.<\/p>\n<p>Casquette-chapeau crois\u00e9e avec 12 cm de visi\u00e8re, elle se plie pour faciliter le transport<\/p>\n<p>2 couleurs au choix :<\/p>\n<ul>\n<li>Ext\u00e9rieur blanc avec int\u00e9rieur gris chin\u00e9 fonc\u00e9<\/li>\n<li>Ext\u00e9rieur beige avec int\u00e9rieur cognac<\/li>\n<\/ul>\n<p>3 tailles r\u00e9glables en resserrant le scratch (invisible) \u00e0 l&#8217;arri\u00e8re du chapeau<\/p>\n<p>Lien mentonni\u00e8re avec curseur r\u00e9glable pour maintenir le chapeau sur la t\u00eate en cas de vent<\/p>\n<p>100% Poly\u00e9thyl\u00e8ne<\/p>\n<p>PROTECTION ANTI-UV 50+, certifi\u00e9 Norme australienne et n\u00e9o-z\u00e9landaise AS\/NZS 4399, la plus s\u00e9v\u00e8re<\/p>\n<p>ANTI-INFRAROUGES : la casquette repousse la chaleur et il y fait 10 degr\u00e9s de moins en-dessous qu&#8217;\u00e0 l&#8217;ext\u00e9rieur<\/p>\n<p>Visi\u00e8re doubl\u00e9e de tissu fonc\u00e9 pour limiter les effets de la r\u00e9verb\u00e9ration dans les yeux<\/p>\n<p>A\u00e9r\u00e9 gr\u00e2ce \u00e0 une technique de microperforation<\/p>\n<p>Se roule dans pochette fournie avec le chapeau<\/p>\n","protected":false},"excerpt":{"rendered":"<p><img loading=\"lazy\" decoding=\"async\" class=\"alignnone wp-image-5198 size-thumbnail\" src=\"https:\/\/soway.fr\/wp-content\/uploads\/2019\/12\/images-150x150.jpg\" alt=\"made in france\" width=\"150\" height=\"150\" \/><\/p>\n<p>Fabriqu\u00e9e en France par une entreprise sp\u00e9cialis\u00e9e dans la confection de chapeaux haut de gamme.<\/p>\n<p>PROTECTION ANTI-UV 50+, certifi\u00e9 Norme australienne et n\u00e9o-z\u00e9landaise AS\/NZS 4399, la plus s\u00e9v\u00e8re<\/p>\n<p>ANTI-INFRAROUGES : la casquette repousse la chaleur et il y fait 10 degr\u00e9s de moins en-dessous qu&#8217;\u00e0 l&#8217;ext\u00e9rieur<\/p>\n<p>Casquette-chapeau crois\u00e9e sur l&#8217;arri\u00e8re avec 12 cm de visi\u00e8re, elle se plie pour faciliter le transport<\/p>\n<p>2 couleurs au choix :<\/p>\n<ul>\n<li>Ext\u00e9rieur blanc avec int\u00e9rieur gris chin\u00e9 fonc\u00e9<\/li>\n<li>Ext\u00e9rieur beige avec int\u00e9rieur cognac<\/li>\n<\/ul>\n<p>3 tailles r\u00e9glables en resserrant le scratch (invisible) \u00e0 l&#8217;arri\u00e8re du chapeau<\/p>\n<p>Lien mentonni\u00e8re avec curseur r\u00e9glable pour maintenir le chapeau sur la t\u00eate en cas de vent<\/p>\n<p>100% Poly\u00e9thyl\u00e8ne<\/p>\n<p>Visi\u00e8re doubl\u00e9e de tissu fonc\u00e9 pour limiter les effets de la r\u00e9verb\u00e9ration dans les yeux<\/p>\n","protected":false},"featured_media":3813,"comment_status":"closed","ping_status":"closed","template":"","meta":[],"product_brand":[],"product_cat":[36,26,29,37,24,38],"product_tag":[30],"class_list":{"0":"post-3785","1":"product","2":"type-product","3":"status-publish","4":"has-post-thumbnail","6":"product_cat-bord-12-cm","7":"product_cat-casquettes","8":"product_cat-chapeaux","9":"product_cat-femmes","10":"product_cat-fr","11":"product_cat-grande-visiere","12":"product_tag-femmes","14":"first","15":"instock","16":"taxable","17":"shipping-taxable","18":"purchasable","19":"product-type-variable"},"_links":{"self":[{"href":"https:\/\/soway.eu\/es\/wp-json\/wp\/v2\/product\/3785","targetHints":{"allow":["GET"]}}],"collection":[{"href":"https:\/\/soway.eu\/es\/wp-json\/wp\/v2\/product"}],"about":[{"href":"https:\/\/soway.eu\/es\/wp-json\/wp\/v2\/types\/product"}],"replies":[{"embeddable":true,"href":"https:\/\/soway.eu\/es\/wp-json\/wp\/v2\/comments?post=3785"}],"wp:featuredmedia":[{"embeddable":true,"href":"https:\/\/soway.eu\/es\/wp-json\/wp\/v2\/media\/3813"}],"wp:attachment":[{"href":"https:\/\/soway.eu\/es\/wp-json\/wp\/v2\/media?parent=3785"}],"wp:term":[{"taxonomy":"product_brand","embeddable":true,"href":"https:\/\/soway.eu\/es\/wp-json\/wp\/v2\/product_brand?post=3785"},{"taxonomy":"product_cat","embeddable":true,"href":"https:\/\/soway.eu\/es\/wp-json\/wp\/v2\/product_cat?post=3785"},{"taxonomy":"product_tag","embeddable":true,"href":"https:\/\/soway.eu\/es\/wp-json\/wp\/v2\/product_tag?post=3785"}],"curies":[{"name":"wp","href":"https:\/\/api.w.org\/{rel}","templated":true}]}}