{"id":3844,"date":"2026-03-05T07:29:42","date_gmt":"2026-03-05T07:29:42","guid":{"rendered":"https:\/\/soway.eu\/?post_type=product&#038;p=3844"},"modified":"2026-03-05T07:30:45","modified_gmt":"2026-03-05T07:30:45","slug":"ombrelle-anti-uv-xxl-made-in-france-2-couleurs","status":"publish","type":"product","link":"https:\/\/soway.eu\/es\/produit\/ombrelle-anti-uv-xxl-made-in-france-2-couleurs\/","title":{"rendered":"Ombrelle anti-UV XXL- MADE IN FRANCE &#8211; (2 couleurs)"},"content":{"rendered":"<p>MADE IN FRANCE<\/p>\n<p>Fabriqu\u00e9e avec la fameuse mati\u00e8re \u00abSoway\u00bb par la Maison Pierre VAUX, sp\u00e9cialiste fran\u00e7ais de parapluies et d&#8217;ombrelles haut de gamme.<\/p>\n<p><strong>Caract\u00e9ristiques :<\/strong><\/p>\n<ul>\n<li>ANTI-UV (Certifi\u00e9 UPF 50+ selon la norme australienne AZ-NZS 4399-2017)<\/li>\n<li>Poids-plume<\/li>\n<li>ANTI INFRAROUGES<\/li>\n<li>D\u00e9perlant<\/li>\n<li>Manche en bois de h\u00eatre (poign\u00e9e tourn\u00e9e dans un atelier \u00e0 proximit\u00e9 de Saint-Claude)<\/li>\n<li>Monture extr\u00eamement r\u00e9sistante : baleines en acier, finition nickel\u00e9<\/li>\n<\/ul>\n<p><strong>Dimensions :<\/strong><\/p>\n<ul>\n<li>Hauteur :90 cms<\/li>\n<li>Diam\u00e8tre : 88 cms<\/li>\n<li>Poids : 400 g<\/li>\n<\/ul>\n","protected":false},"excerpt":{"rendered":"<p><img loading=\"lazy\" decoding=\"async\" class=\"alignnone wp-image-5198 size-thumbnail\" src=\"https:\/\/soway.fr\/wp-content\/uploads\/2019\/12\/images-150x150.jpg\" alt=\"made in france\" width=\"150\" height=\"150\" \/><\/p>\n<p>Fabriqu\u00e9e avec la fameuse mati\u00e8re \u00abSoway\u00bb par la Maison Pierre VAUX, sp\u00e9cialiste fran\u00e7ais de parapluies et d&#8217;ombrelles haut de gamme.<\/p>\n<p><strong>Caract\u00e9ristiques :<\/strong><\/p>\n<ul>\n<li>ANTI-UV (Certifi\u00e9 UPF 50+ selon la norme australienne AZ-NZS 4399-2017)<\/li>\n<li>Poids-plume<\/li>\n<li>ANTI INFRAROUGES<\/li>\n<li>D\u00e9perlant<\/li>\n<li>Manche en bois de h\u00eatre (poign\u00e9e tourn\u00e9e dans un atelier \u00e0 proximit\u00e9 de Saint-Claude)<\/li>\n<li>Monture extr\u00eamement r\u00e9sistante : baleines en acier, finition nickel\u00e9<\/li>\n<\/ul>\n<p><strong>Dimensions :<\/strong><\/p>\n<ul>\n<li>Hauteur :90 cms<\/li>\n<li>Diam\u00e8tre : 88 cms<\/li>\n<li>Poids : 400 g<\/li>\n<\/ul>\n","protected":false},"featured_media":3873,"comment_status":"closed","ping_status":"closed","template":"","meta":[],"product_brand":[],"product_cat":[29,32,24],"product_tag":[30],"class_list":{"0":"post-3844","1":"product","2":"type-product","3":"status-publish","4":"has-post-thumbnail","6":"product_cat-chapeaux","7":"product_cat-en-avant","8":"product_cat-fr","9":"product_tag-femmes","11":"first","12":"instock","13":"featured","14":"taxable","15":"shipping-taxable","16":"purchasable","17":"product-type-variable"},"_links":{"self":[{"href":"https:\/\/soway.eu\/es\/wp-json\/wp\/v2\/product\/3844","targetHints":{"allow":["GET"]}}],"collection":[{"href":"https:\/\/soway.eu\/es\/wp-json\/wp\/v2\/product"}],"about":[{"href":"https:\/\/soway.eu\/es\/wp-json\/wp\/v2\/types\/product"}],"replies":[{"embeddable":true,"href":"https:\/\/soway.eu\/es\/wp-json\/wp\/v2\/comments?post=3844"}],"wp:featuredmedia":[{"embeddable":true,"href":"https:\/\/soway.eu\/es\/wp-json\/wp\/v2\/media\/3873"}],"wp:attachment":[{"href":"https:\/\/soway.eu\/es\/wp-json\/wp\/v2\/media?parent=3844"}],"wp:term":[{"taxonomy":"product_brand","embeddable":true,"href":"https:\/\/soway.eu\/es\/wp-json\/wp\/v2\/product_brand?post=3844"},{"taxonomy":"product_cat","embeddable":true,"href":"https:\/\/soway.eu\/es\/wp-json\/wp\/v2\/product_cat?post=3844"},{"taxonomy":"product_tag","embeddable":true,"href":"https:\/\/soway.eu\/es\/wp-json\/wp\/v2\/product_tag?post=3844"}],"curies":[{"name":"wp","href":"https:\/\/api.w.org\/{rel}","templated":true}]}}