{"id":4065,"date":"2026-03-05T07:31:01","date_gmt":"2026-03-05T07:31:01","guid":{"rendered":"https:\/\/soway.eu\/?post_type=product&#038;p=4065"},"modified":"2026-03-05T07:31:21","modified_gmt":"2026-03-05T07:31:21","slug":"bob-enfant-anti-uv-mixte-leonard-la-baule","status":"publish","type":"product","link":"https:\/\/soway.eu\/es\/produit\/bob-enfant-anti-uv-mixte-leonard-la-baule\/","title":{"rendered":"Bob enfant anti-UV mixte \u00abL\u00e9onard\u00bb- La Baule"},"content":{"rendered":"<p> <\/p>","protected":false},"excerpt":{"rendered":"<p>PROTECTION ANTI-UV 50+, certifi\u00e9 Norme australienne et n\u00e9o-z\u00e9landaise AS\/NZS 4399, la plus s\u00e9v\u00e8re<\/p>\n<p>ANTI-INFRAROUGES : le chapeau repousse la chaleur, il y fait moins chaud en-dessous qu&#8217;\u00e0 l&#8217;ext\u00e9rieur et votre enfant garde son chapeau sur la t\u00eate<\/p>\n<p>Broderie du logo de la ville de La Baule<\/p>\n<p>Chapeau mixte avec 6 cm de bord : le visage de l&#8217;enfant est bien \u00e0 l&#8217;ombre<\/p>\n<p>Blanc et marine<\/p>\n<p>Lacet mentonni\u00e8re r\u00e9glable avec curseur<\/p>\n","protected":false},"featured_media":4079,"comment_status":"closed","ping_status":"closed","template":"","meta":[],"product_brand":[],"product_cat":[40,28,47,24,48],"product_tag":[49],"class_list":{"0":"post-4065","1":"product","2":"type-product","3":"status-publish","4":"has-post-thumbnail","6":"product_cat-bebes-et-enfants","7":"product_cat-bord-6-cm","8":"product_cat-collection-la-baule-new","9":"product_cat-fr","10":"product_cat-la-baule","11":"product_tag-la-baule","13":"first","14":"instock","15":"taxable","16":"shipping-taxable","17":"purchasable","18":"product-type-variable"},"_links":{"self":[{"href":"https:\/\/soway.eu\/es\/wp-json\/wp\/v2\/product\/4065","targetHints":{"allow":["GET"]}}],"collection":[{"href":"https:\/\/soway.eu\/es\/wp-json\/wp\/v2\/product"}],"about":[{"href":"https:\/\/soway.eu\/es\/wp-json\/wp\/v2\/types\/product"}],"replies":[{"embeddable":true,"href":"https:\/\/soway.eu\/es\/wp-json\/wp\/v2\/comments?post=4065"}],"wp:featuredmedia":[{"embeddable":true,"href":"https:\/\/soway.eu\/es\/wp-json\/wp\/v2\/media\/4079"}],"wp:attachment":[{"href":"https:\/\/soway.eu\/es\/wp-json\/wp\/v2\/media?parent=4065"}],"wp:term":[{"taxonomy":"product_brand","embeddable":true,"href":"https:\/\/soway.eu\/es\/wp-json\/wp\/v2\/product_brand?post=4065"},{"taxonomy":"product_cat","embeddable":true,"href":"https:\/\/soway.eu\/es\/wp-json\/wp\/v2\/product_cat?post=4065"},{"taxonomy":"product_tag","embeddable":true,"href":"https:\/\/soway.eu\/es\/wp-json\/wp\/v2\/product_tag?post=4065"}],"curies":[{"name":"wp","href":"https:\/\/api.w.org\/{rel}","templated":true}]}}