{"id":4101,"date":"2026-03-05T07:31:24","date_gmt":"2026-03-05T07:31:24","guid":{"rendered":"https:\/\/soway.eu\/?post_type=product&#038;p=4101"},"modified":"2026-03-05T07:31:43","modified_gmt":"2026-03-05T07:31:43","slug":"chapeau-homme-femme-anti-uv-upf-50-bord-de-mer-large-bord-la-baule","status":"publish","type":"product","link":"https:\/\/soway.eu\/es\/produit\/chapeau-homme-femme-anti-uv-upf-50-bord-de-mer-large-bord-la-baule\/","title":{"rendered":"Chapeau homme &#038; femme anti-UV UPF 50+ \u00abBord de Mer\u00bb &#8211; Large bord &#8211; La Baule"},"content":{"rendered":"<p> <\/p>","protected":false},"excerpt":{"rendered":"<p>Anti-UV UPF 50+ et Anti-Infrarouges<br \/>\nPROTECTION ANTI-UV 50+, certifi\u00e9 Norme australienne et n\u00e9o-z\u00e9landaise AS\/NZS 4399, la plus s\u00e9v\u00e8re<\/p>\n<p>ANTI-INFRAROUGES : le chapeau repousse la chaleur et il y fait moins chaud dessous qu\u2019\u00e0 l\u2019ext\u00e9rieur<\/p>\n<p>Chapeau mixte avec 10 cm de bord frontal<\/p>\n<p>Base blanche avec ruban Marine, logot\u00e9 La Baule<\/p>\n<p>Lacet mentonni\u00e8re r\u00e9glable avec curseur<\/p>\n","protected":false},"featured_media":4116,"comment_status":"closed","ping_status":"closed","template":"","meta":[],"product_brand":[],"product_cat":[35,29,47,24,48],"product_tag":[49],"class_list":{"0":"post-4101","1":"product","2":"type-product","3":"status-publish","4":"has-post-thumbnail","6":"product_cat-bord-10-cm","7":"product_cat-chapeaux","8":"product_cat-collection-la-baule-new","9":"product_cat-fr","10":"product_cat-la-baule","11":"product_tag-la-baule","13":"first","14":"instock","15":"taxable","16":"shipping-taxable","17":"purchasable","18":"product-type-variable"},"_links":{"self":[{"href":"https:\/\/soway.eu\/es\/wp-json\/wp\/v2\/product\/4101","targetHints":{"allow":["GET"]}}],"collection":[{"href":"https:\/\/soway.eu\/es\/wp-json\/wp\/v2\/product"}],"about":[{"href":"https:\/\/soway.eu\/es\/wp-json\/wp\/v2\/types\/product"}],"replies":[{"embeddable":true,"href":"https:\/\/soway.eu\/es\/wp-json\/wp\/v2\/comments?post=4101"}],"wp:featuredmedia":[{"embeddable":true,"href":"https:\/\/soway.eu\/es\/wp-json\/wp\/v2\/media\/4116"}],"wp:attachment":[{"href":"https:\/\/soway.eu\/es\/wp-json\/wp\/v2\/media?parent=4101"}],"wp:term":[{"taxonomy":"product_brand","embeddable":true,"href":"https:\/\/soway.eu\/es\/wp-json\/wp\/v2\/product_brand?post=4101"},{"taxonomy":"product_cat","embeddable":true,"href":"https:\/\/soway.eu\/es\/wp-json\/wp\/v2\/product_cat?post=4101"},{"taxonomy":"product_tag","embeddable":true,"href":"https:\/\/soway.eu\/es\/wp-json\/wp\/v2\/product_tag?post=4101"}],"curies":[{"name":"wp","href":"https:\/\/api.w.org\/{rel}","templated":true}]}}