{"id":4195,"date":"2026-03-05T07:31:57","date_gmt":"2026-03-05T07:31:57","guid":{"rendered":"https:\/\/soway.eu\/?post_type=product&#038;p=4195"},"modified":"2026-03-05T07:32:09","modified_gmt":"2026-03-05T07:32:09","slug":"defectueux-chapeau-grand-bord-naturel-blanc-gris-souris","status":"publish","type":"product","link":"https:\/\/soway.eu\/es\/produit\/defectueux-chapeau-grand-bord-naturel-blanc-gris-souris\/","title":{"rendered":"DEFECTUEUX &#8211; Chapeau grand bord Naturel Blanc \/ Gris souris"},"content":{"rendered":"<div class=\"et_pb_module et_pb_text et_pb_text_0_tb_body et_pb_text_align_left et_pb_bg_layout_light\">\n<div class=\"et_pb_text_inner\">\n<h2>Anti-UV UPF 50+ et Anti-Infrarouges<\/h2>\n<\/div>\n<\/div>\n<div class=\"et_pb_module et_pb_text et_pb_text_1_tb_body et_pb_text_align_left et_pb_bg_layout_light\">\n<div class=\"et_pb_text_inner\">\n<div class=\"woocommerce et-dynamic-content-woo et-dynamic-content-woo--product_short_description\">\n<p><strong>Chapeau avec d\u00e9faut : l\u00e9g\u00e8re d\u00e9coloration rose au-dessus de la bande de tissu grise (voir photo)<\/strong><\/p>\n<p>Chapeau avec 10 cm de bord<\/p>\n<p>Base blanche avec ruban gris souris<\/p>\n<p>Lacet mentonni\u00e8re r\u00e9glable avec curseur<\/p>\n<p>100% Poly\u00e9thyl\u00e8ne<\/p>\n<p>PROTECTION ANTI-UV 50+, certifi\u00e9 Norme australienne et n\u00e9o-z\u00e9landaise AS\/NZS 4399, la plus s\u00e9v\u00e8re<\/p>\n<p>Bord ou visi\u00e8res doubl\u00e9 de tissu fonc\u00e9 pour limiter les effets de la r\u00e9verb\u00e9ration dans les yeux<\/p>\n<p>A\u00e9r\u00e9 gr\u00e2ce \u00e0 une technique de microperforation<\/p>\n<p>Taille r\u00e9glable<\/p>\n<\/div>\n<\/div>\n<\/div>\n","protected":false},"excerpt":{"rendered":"<div class=\"et_pb_module et_pb_text et_pb_text_0_tb_body et_pb_text_align_left et_pb_bg_layout_light\">\n<div class=\"et_pb_text_inner\">\n<h2>Anti-UV UPF 50+ et Anti-Infrarouges<\/h2>\n<\/div>\n<\/div>\n<div class=\"et_pb_module et_pb_text et_pb_text_1_tb_body et_pb_text_align_left et_pb_bg_layout_light\">\n<div class=\"et_pb_text_inner\">\n<div class=\"woocommerce et-dynamic-content-woo et-dynamic-content-woo--product_short_description\">\n<p><strong>Chapeau avec d\u00e9faut : l\u00e9g\u00e8re d\u00e9coloration rose au-dessus de la bande de tissu grise (voir photo)<\/strong><\/p>\n<p>Chapeau avec 10 cm de bord<\/p>\n<p>Base blanche avec ruban gris souris<\/p>\n<p>Lacet mentonni\u00e8re r\u00e9glable avec curseur<\/p>\n<p>100% Poly\u00e9thyl\u00e8ne<\/p>\n<p>PROTECTION ANTI-UV 50+, certifi\u00e9 Norme australienne et n\u00e9o-z\u00e9landaise AS\/NZS 4399, la plus s\u00e9v\u00e8re<\/p>\n<p>Bord ou visi\u00e8res doubl\u00e9 de tissu fonc\u00e9 pour limiter les effets de la r\u00e9verb\u00e9ration dans les yeux<\/p>\n<p>A\u00e9r\u00e9 gr\u00e2ce \u00e0 une technique de microperforation<\/p>\n<p>Taille r\u00e9glable<\/p>\n<\/div>\n<\/div>\n<\/div>\n","protected":false},"featured_media":4074,"comment_status":"closed","ping_status":"closed","template":"","meta":[],"product_brand":[],"product_cat":[35,29],"product_tag":[],"class_list":{"0":"post-4195","1":"product","2":"type-product","3":"status-publish","4":"has-post-thumbnail","6":"product_cat-bord-10-cm","7":"product_cat-chapeaux","9":"first","10":"outofstock","11":"sale","12":"taxable","13":"shipping-taxable","14":"purchasable","15":"product-type-variable"},"_links":{"self":[{"href":"https:\/\/soway.eu\/es\/wp-json\/wp\/v2\/product\/4195","targetHints":{"allow":["GET"]}}],"collection":[{"href":"https:\/\/soway.eu\/es\/wp-json\/wp\/v2\/product"}],"about":[{"href":"https:\/\/soway.eu\/es\/wp-json\/wp\/v2\/types\/product"}],"replies":[{"embeddable":true,"href":"https:\/\/soway.eu\/es\/wp-json\/wp\/v2\/comments?post=4195"}],"wp:featuredmedia":[{"embeddable":true,"href":"https:\/\/soway.eu\/es\/wp-json\/wp\/v2\/media\/4074"}],"wp:attachment":[{"href":"https:\/\/soway.eu\/es\/wp-json\/wp\/v2\/media?parent=4195"}],"wp:term":[{"taxonomy":"product_brand","embeddable":true,"href":"https:\/\/soway.eu\/es\/wp-json\/wp\/v2\/product_brand?post=4195"},{"taxonomy":"product_cat","embeddable":true,"href":"https:\/\/soway.eu\/es\/wp-json\/wp\/v2\/product_cat?post=4195"},{"taxonomy":"product_tag","embeddable":true,"href":"https:\/\/soway.eu\/es\/wp-json\/wp\/v2\/product_tag?post=4195"}],"curies":[{"name":"wp","href":"https:\/\/api.w.org\/{rel}","templated":true}]}}